{"id":3605,"date":"2023-03-14T10:53:00","date_gmt":"2023-03-14T10:53:00","guid":{"rendered":"https:\/\/newhome.qodeinteractive.com\/?page_id=1063"},"modified":"2026-04-11T22:49:24","modified_gmt":"2026-04-11T22:49:24","slug":"contact-us-2","status":"publish","type":"page","link":"https:\/\/goval.es\/en\/contact-us-2\/","title":{"rendered":"Contacto"},"content":{"rendered":"\t\t<div data-elementor-type=\"wp-page\" data-elementor-id=\"3605\" class=\"elementor elementor-3605\" data-elementor-post-type=\"page\">\n\t\t\t\t\t\t<section class=\"elementor-section elementor-top-section elementor-element elementor-element-59feea6 elementor-section-height-min-height qodef-elementor-content-grid elementor-section-boxed elementor-section-height-default elementor-section-items-middle\" data-id=\"59feea6\" data-element_type=\"section\" data-e-type=\"section\" data-settings=\"{&quot;background_background&quot;:&quot;classic&quot;}\">\n\t\t\t\t\t\t<div class=\"elementor-container elementor-column-gap-no\">\n\t\t\t\t\t<div class=\"elementor-column elementor-col-100 elementor-top-column elementor-element elementor-element-30ee74d\" data-id=\"30ee74d\" data-element_type=\"column\" data-e-type=\"column\">\n\t\t\t<div class=\"elementor-widget-wrap\">\n\t\t\t\t\t\t\t<\/div>\n\t\t<\/div>\n\t\t\t\t\t<\/div>\n\t\t<\/section>\n\t\t\t\t<div class=\"elementor-element elementor-element-2f9a5a4 e-con e-atomic-element e-flexbox-base\" data-id=\"2f9a5a4\" data-element_type=\"e-flexbox\" data-e-type=\"e-flexbox\" data-interaction-id=\"2f9a5a4\" data-e-type=\"e-flexbox\" data-id=\"2f9a5a4\">\n\t\t\t\t\t\t\t<h4 \n\t\tdata-interaction-id=\"619bf86\" \n\t\tclass=\"e-619bf86-94e294b e-heading-base\" \n\t\t \n\t\tdata-e-type=\"widget\" data-id=\"619bf86\"\n\t>\n\t\n\t\t\tEstamos aqu\u00ed para ayudarte. Ya seas propietario o busques tu pr\u00f3ximo hogar, hablemos.\n\t\t<\/h4>\n\t\t\t\t<\/div>\n\t\t<div class=\"elementor-element elementor-element-59d80eb e-con-full e-flex e-con e-parent\" data-id=\"59d80eb\" data-element_type=\"container\" data-e-type=\"container\">\n\t\t\t\t<div class=\"elementor-element elementor-element-3a53619 elementor-widget elementor-widget-google_maps\" data-id=\"3a53619\" data-element_type=\"widget\" data-e-type=\"widget\" data-widget_type=\"google_maps.default\">\n\t\t\t\t\t\t\t<div class=\"elementor-custom-embed\">\n\t\t\t<iframe loading=\"lazy\"\n\t\t\t\t\tsrc=\"https:\/\/maps.google.com\/maps?q=goval.es&#038;t=m&#038;z=10&#038;output=embed&#038;iwloc=near\"\n\t\t\t\t\ttitle=\"goval.es\"\n\t\t\t\t\taria-label=\"goval.es\"\n\t\t\t><\/iframe>\n\t\t<\/div>\n\t\t\t\t\t\t<\/div>\n\t\t\t\t<\/div>\n\t\t\t\t<section class=\"elementor-section elementor-top-section elementor-element elementor-element-e3ca81c qodef-elementor-content-grid elementor-section-boxed elementor-section-height-default elementor-section-height-default\" data-id=\"e3ca81c\" data-element_type=\"section\" data-e-type=\"section\">\n\t\t\t\t\t\t<div class=\"elementor-container elementor-column-gap-default\">\n\t\t\t\t\t<div class=\"elementor-column elementor-col-50 elementor-top-column elementor-element elementor-element-363240a\" data-id=\"363240a\" data-element_type=\"column\" data-e-type=\"column\">\n\t\t\t<div class=\"elementor-widget-wrap elementor-element-populated\">\n\t\t\t\t\t\t\t\t\t\t<p class=\"e-88b0a41-81de323 e-paragraph-base\" data-interaction-id=\"88b0a41\"  data-e-type=\"widget\" data-id=\"88b0a41\" >\n\t\t\t\t\t\t\t\tEscr\u00edbenos por WhatsApp\"<strong> <\/strong>\"Respuesta r\u00e1pida para consultas urgentes, disponibilidad de habitaciones o env\u00edo de documentaci\u00f3n.\".Esta situado en la parte inferior derecha\n\t\t\t\t\t<\/p>\n\t\t\t\t<div class=\"elementor-element elementor-element-3d6006d elementor-widget elementor-widget-image\" data-id=\"3d6006d\" data-element_type=\"widget\" data-e-type=\"widget\" data-widget_type=\"image.default\">\n\t\t\t\t\t\t\t\t\t\t\t\t\t\t\t\t<a href=\"https:\/\/goval.es\/\" target=\"_blank\">\n\t\t\t\t\t\t\t<img fetchpriority=\"high\" decoding=\"async\" width=\"360\" height=\"360\" src=\"https:\/\/i0.wp.com\/goval.es\/wp-content\/uploads\/2026\/04\/pngtree-whatsapp-icon-png-image_6315990.png?fit=360%2C360&amp;ssl=1\" class=\"attachment-large size-large wp-image-3859\" alt=\"\" srcset=\"https:\/\/i0.wp.com\/goval.es\/wp-content\/uploads\/2026\/04\/pngtree-whatsapp-icon-png-image_6315990.png?w=360&amp;ssl=1 360w, https:\/\/i0.wp.com\/goval.es\/wp-content\/uploads\/2026\/04\/pngtree-whatsapp-icon-png-image_6315990.png?resize=300%2C300&amp;ssl=1 300w, https:\/\/i0.wp.com\/goval.es\/wp-content\/uploads\/2026\/04\/pngtree-whatsapp-icon-png-image_6315990.png?resize=150%2C150&amp;ssl=1 150w, https:\/\/i0.wp.com\/goval.es\/wp-content\/uploads\/2026\/04\/pngtree-whatsapp-icon-png-image_6315990.png?resize=100%2C100&amp;ssl=1 100w\" sizes=\"(max-width: 360px) 100vw, 360px\" \/>\t\t\t\t\t\t\t\t<\/a>\n\t\t\t\t\t\t\t\t\t\t\t\t\t\t\t<\/div>\n\t\t\t\t<div class=\"elementor-element elementor-element-4ec1bb7 elementor-widget elementor-widget-image\" data-id=\"4ec1bb7\" data-element_type=\"widget\" data-e-type=\"widget\" data-widget_type=\"image.default\">\n\t\t\t\t\t\t\t\t\t\t\t\t\t\t\t<img decoding=\"async\" width=\"800\" height=\"800\" src=\"https:\/\/i0.wp.com\/goval.es\/wp-content\/uploads\/2026\/04\/icono-del-logotipo-de-telegram-y-placa-nombre-vector-concepto-logos-medios-sociales-se-usa-para-aplicaciones-web-moviles-200662916.jpg?fit=800%2C800&amp;ssl=1\" class=\"attachment-large size-large wp-image-3873\" alt=\"\" srcset=\"https:\/\/i0.wp.com\/goval.es\/wp-content\/uploads\/2026\/04\/icono-del-logotipo-de-telegram-y-placa-nombre-vector-concepto-logos-medios-sociales-se-usa-para-aplicaciones-web-moviles-200662916.jpg?w=800&amp;ssl=1 800w, https:\/\/i0.wp.com\/goval.es\/wp-content\/uploads\/2026\/04\/icono-del-logotipo-de-telegram-y-placa-nombre-vector-concepto-logos-medios-sociales-se-usa-para-aplicaciones-web-moviles-200662916.jpg?resize=300%2C300&amp;ssl=1 300w, https:\/\/i0.wp.com\/goval.es\/wp-content\/uploads\/2026\/04\/icono-del-logotipo-de-telegram-y-placa-nombre-vector-concepto-logos-medios-sociales-se-usa-para-aplicaciones-web-moviles-200662916.jpg?resize=150%2C150&amp;ssl=1 150w, https:\/\/i0.wp.com\/goval.es\/wp-content\/uploads\/2026\/04\/icono-del-logotipo-de-telegram-y-placa-nombre-vector-concepto-logos-medios-sociales-se-usa-para-aplicaciones-web-moviles-200662916.jpg?resize=768%2C768&amp;ssl=1 768w, https:\/\/i0.wp.com\/goval.es\/wp-content\/uploads\/2026\/04\/icono-del-logotipo-de-telegram-y-placa-nombre-vector-concepto-logos-medios-sociales-se-usa-para-aplicaciones-web-moviles-200662916.jpg?resize=650%2C650&amp;ssl=1 650w, https:\/\/i0.wp.com\/goval.es\/wp-content\/uploads\/2026\/04\/icono-del-logotipo-de-telegram-y-placa-nombre-vector-concepto-logos-medios-sociales-se-usa-para-aplicaciones-web-moviles-200662916.jpg?resize=600%2C600&amp;ssl=1 600w, https:\/\/i0.wp.com\/goval.es\/wp-content\/uploads\/2026\/04\/icono-del-logotipo-de-telegram-y-placa-nombre-vector-concepto-logos-medios-sociales-se-usa-para-aplicaciones-web-moviles-200662916.jpg?resize=100%2C100&amp;ssl=1 100w\" sizes=\"(max-width: 800px) 100vw, 800px\" \/>\t\t\t\t\t\t\t\t\t\t\t\t\t\t\t<\/div>\n\t\t\t\t\t<\/div>\n\t\t<\/div>\n\t\t\t\t<div class=\"elementor-column elementor-col-50 elementor-top-column elementor-element elementor-element-4c03fdf\" data-id=\"4c03fdf\" data-element_type=\"column\" data-e-type=\"column\">\n\t\t\t<div class=\"elementor-widget-wrap elementor-element-populated\">\n\t\t\t\t\t\t<section class=\"elementor-section elementor-inner-section elementor-element elementor-element-e7b0308 elementor-section-full_width elementor-section-height-default elementor-section-height-default\" data-id=\"e7b0308\" data-element_type=\"section\" data-e-type=\"section\">\n\t\t\t\t\t\t<div class=\"elementor-container elementor-column-gap-default\">\n\t\t\t\t\t<div class=\"elementor-column elementor-col-100 elementor-inner-column elementor-element elementor-element-7508cb6\" data-id=\"7508cb6\" data-element_type=\"column\" data-e-type=\"column\">\n\t\t\t<div class=\"elementor-widget-wrap\">\n\t\t\t\t\t\t\t<\/div>\n\t\t<\/div>\n\t\t\t\t\t<\/div>\n\t\t<\/section>\n\t\t\t\t<section class=\"elementor-section elementor-inner-section elementor-element elementor-element-7796b78 elementor-section-boxed elementor-section-height-default elementor-section-height-default\" data-id=\"7796b78\" data-element_type=\"section\" data-e-type=\"section\">\n\t\t\t\t\t\t<div class=\"elementor-container elementor-column-gap-default\">\n\t\t\t\t\t<div class=\"elementor-column elementor-col-50 elementor-inner-column elementor-element elementor-element-612f7bc\" data-id=\"612f7bc\" data-element_type=\"column\" data-e-type=\"column\">\n\t\t\t<div class=\"elementor-widget-wrap\">\n\t\t\t\t\t\t\t<\/div>\n\t\t<\/div>\n\t\t\t\t<div class=\"elementor-column elementor-col-50 elementor-inner-column elementor-element elementor-element-26c23fe\" data-id=\"26c23fe\" data-element_type=\"column\" data-e-type=\"column\">\n\t\t\t<div class=\"elementor-widget-wrap\">\n\t\t\t\t\t\t\t<\/div>\n\t\t<\/div>\n\t\t\t\t\t<\/div>\n\t\t<\/section>\n\t\t\t\t\t<\/div>\n\t\t<\/div>\n\t\t\t\t\t<\/div>\n\t\t<\/section>\n\t\t\t\t<section class=\"elementor-section elementor-top-section elementor-element elementor-element-4963c84 qodef-elementor-content-grid elementor-section-boxed elementor-section-height-default elementor-section-height-default\" data-id=\"4963c84\" data-element_type=\"section\" data-e-type=\"section\">\n\t\t\t\t\t\t<div class=\"elementor-container elementor-column-gap-default\">\n\t\t\t\t\t<div class=\"elementor-column elementor-col-100 elementor-top-column elementor-element elementor-element-8be4988\" data-id=\"8be4988\" data-element_type=\"column\" data-e-type=\"column\">\n\t\t\t<div class=\"elementor-widget-wrap elementor-element-populated\">\n\t\t\t\t\t\t<div class=\"elementor-element elementor-element-798a68e elementor-widget elementor-widget-spacer\" data-id=\"798a68e\" data-element_type=\"widget\" data-e-type=\"widget\" data-widget_type=\"spacer.default\">\n\t\t\t\t\t\t\t<div class=\"elementor-spacer\">\n\t\t\t<div class=\"elementor-spacer-inner\"><\/div>\n\t\t<\/div>\n\t\t\t\t\t\t<\/div>\n\t\t\t\t\t<\/div>\n\t\t<\/div>\n\t\t\t\t\t<\/div>\n\t\t<\/section>\n\t\t\t\t<section class=\"elementor-section elementor-top-section elementor-element elementor-element-1b4ccd6 qodef-elementor-content-grid elementor-section-boxed elementor-section-height-default elementor-section-height-default\" data-id=\"1b4ccd6\" data-element_type=\"section\" data-e-type=\"section\">\n\t\t\t\t\t\t<div class=\"elementor-container elementor-column-gap-default\">\n\t\t\t\t\t<div class=\"elementor-column elementor-col-50 elementor-top-column elementor-element elementor-element-68e7551\" data-id=\"68e7551\" data-element_type=\"column\" data-e-type=\"column\">\n\t\t\t<div class=\"elementor-widget-wrap\">\n\t\t\t\t\t\t\t<\/div>\n\t\t<\/div>\n\t\t\t\t<div class=\"elementor-column elementor-col-50 elementor-top-column elementor-element elementor-element-9af96ee\" data-id=\"9af96ee\" data-element_type=\"column\" data-e-type=\"column\" data-settings=\"{&quot;background_background&quot;:&quot;classic&quot;}\">\n\t\t\t<div class=\"elementor-widget-wrap\">\n\t\t\t\t\t\t\t<\/div>\n\t\t<\/div>\n\t\t\t\t\t<\/div>\n\t\t<\/section>\n\t\t<div class=\"elementor-element elementor-element-92444fe e-flex e-con-boxed e-con e-parent\" data-id=\"92444fe\" data-element_type=\"container\" data-e-type=\"container\">\n\t\t\t\t\t<div class=\"e-con-inner\">\n\t\t\t\t\t\t\t\t<p class=\"e-dbafcd5-efafdf8 e-paragraph-base\" data-interaction-id=\"dbafcd5\"  data-e-type=\"widget\" data-id=\"dbafcd5\" >\n\t\t\t\t\t\t\t\tEscr\u00edbenos por WhatsApp\"<strong> <\/strong>\"Respuesta r\u00e1pida para consultas urgentes, disponibilidad de habitaciones o env\u00edo de documentaci\u00f3n.\"\n\t\t\t\t\t<\/p>\n\t\t\t\t<div class=\"elementor-element elementor-element-5b4eb4e elementor-button-align-stretch elementor-widget elementor-widget-form\" data-id=\"5b4eb4e\" data-element_type=\"widget\" data-e-type=\"widget\" data-settings=\"{&quot;step_next_label&quot;:&quot;Next&quot;,&quot;step_previous_label&quot;:&quot;Previous&quot;,&quot;button_width&quot;:&quot;100&quot;,&quot;step_type&quot;:&quot;number_text&quot;,&quot;step_icon_shape&quot;:&quot;circle&quot;}\" data-widget_type=\"form.default\">\n\t\t\t\t\t\t\t<form class=\"elementor-form\" method=\"post\" name=\"New Form\" aria-label=\"New Form\">\n\t\t\t<input type=\"hidden\" name=\"post_id\" value=\"3605\"\/>\n\t\t\t<input type=\"hidden\" name=\"form_id\" value=\"5b4eb4e\"\/>\n\t\t\t<input type=\"hidden\" name=\"referer_title\" value=\"Contacto - Goval inmobiliaria\" \/>\n\n\t\t\t\t\t\t\t<input type=\"hidden\" name=\"queried_id\" value=\"3605\"\/>\n\t\t\t\n\t\t\t<div class=\"elementor-form-fields-wrapper elementor-labels-above\">\n\t\t\t\t\t\t\t\t<div class=\"elementor-field-type-text elementor-field-group elementor-column elementor-field-group-name elementor-col-100\">\n\t\t\t\t\t\t\t\t\t\t\t\t<label for=\"form-field-name\" class=\"elementor-field-label\">\n\t\t\t\t\t\t\t\tNombre\t\t\t\t\t\t\t<\/label>\n\t\t\t\t\t\t\t\t\t\t\t\t\t\t<input size=\"1\" type=\"text\" name=\"form_fields[name]\" id=\"form-field-name\" class=\"elementor-field elementor-size-sm  elementor-field-textual\" placeholder=\"Name\">\n\t\t\t\t\t\t\t\t\t\t\t<\/div>\n\t\t\t\t\t\t\t\t<div class=\"elementor-field-type-email elementor-field-group elementor-column elementor-field-group-email elementor-col-100 elementor-field-required\">\n\t\t\t\t\t\t\t\t\t\t\t\t<label for=\"form-field-email\" class=\"elementor-field-label\">\n\t\t\t\t\t\t\t\tEmail\t\t\t\t\t\t\t<\/label>\n\t\t\t\t\t\t\t\t\t\t\t\t\t\t<input size=\"1\" type=\"email\" name=\"form_fields[email]\" id=\"form-field-email\" class=\"elementor-field elementor-size-sm  elementor-field-textual\" placeholder=\"Email\" required=\"required\">\n\t\t\t\t\t\t\t\t\t\t\t<\/div>\n\t\t\t\t\t\t\t\t<div class=\"elementor-field-type-textarea elementor-field-group elementor-column elementor-field-group-message elementor-col-100\">\n\t\t\t\t\t\t\t\t\t\t\t\t<label for=\"form-field-message\" class=\"elementor-field-label\">\n\t\t\t\t\t\t\t\tMensaje\t\t\t\t\t\t\t<\/label>\n\t\t\t\t\t\t<textarea class=\"elementor-field-textual elementor-field  elementor-size-sm\" name=\"form_fields[message]\" id=\"form-field-message\" rows=\"4\" placeholder=\"Message\"><\/textarea>\t\t\t\t<\/div>\n\t\t\t\t\t\t\t\t<div class=\"elementor-field-group elementor-column elementor-field-type-submit elementor-col-100 e-form__buttons\">\n\t\t\t\t\t<button class=\"elementor-button elementor-size-sm\" type=\"submit\">\n\t\t\t\t\t\t<span class=\"elementor-button-content-wrapper\">\n\t\t\t\t\t\t\t\t\t\t\t\t\t\t\t\t\t\t\t\t\t\t<span class=\"elementor-button-text\">Enviar<\/span>\n\t\t\t\t\t\t\t\t\t\t\t\t\t<\/span>\n\t\t\t\t\t<\/button>\n\t\t\t\t<\/div>\n\t\t\t<\/div>\n\t\t<\/form>\n\t\t\t\t\t\t<\/div>\n\t\t\t\t\t<\/div>\n\t\t\t\t<\/div>\n\t\t\t\t<div class=\"elementor-element elementor-element-f9ed191 e-con e-atomic-element e-flexbox-base\" data-id=\"f9ed191\" data-element_type=\"e-flexbox\" data-e-type=\"e-flexbox\" data-interaction-id=\"f9ed191\" data-e-type=\"e-flexbox\" data-id=\"f9ed191\">\n\t\t\t\t<\/div>\n\t\t\t\t<\/div>\n\t\t","protected":false},"excerpt":{"rendered":"<p>Estamos aqu\u00ed para ayudarte. Ya seas propietario o busques tu pr\u00f3ximo hogar, hablemos. Escr\u00edbenos por WhatsApp&#8221; &#8220;Respuesta r\u00e1pida para consultas urgentes, disponibilidad de habitaciones o env\u00edo de documentaci\u00f3n.&#8221;.Esta situado en la parte inferior derecha Escr\u00edbenos por WhatsApp&#8221; &#8220;Respuesta r\u00e1pida para consultas urgentes, disponibilidad de habitaciones o env\u00edo de documentaci\u00f3n.&#8221;<\/p>\n","protected":false},"author":1,"featured_media":0,"parent":0,"menu_order":0,"comment_status":"closed","ping_status":"closed","template":"","meta":{"_angie_page":false,"_joinchat":[],"footnotes":""},"class_list":["post-3605","page","type-page","status-publish","hentry"],"yoast_head":"<!-- This site is optimized with the Yoast SEO Premium plugin v27.3 (Yoast SEO v27.3) - https:\/\/yoast.com\/product\/yoast-seo-premium-wordpress\/ -->\n<title>Contacto - Goval inmobiliaria<\/title>\n<meta name=\"robots\" content=\"index, follow, max-snippet:-1, max-image-preview:large, max-video-preview:-1\" \/>\n<link rel=\"canonical\" href=\"https:\/\/goval.es\/en\/contact-us-2\/\" \/>\n<meta property=\"og:locale\" content=\"en_US\" \/>\n<meta property=\"og:type\" content=\"article\" \/>\n<meta property=\"og:title\" content=\"Contacto\" \/>\n<meta property=\"og:description\" content=\"Estamos aqu\u00ed para ayudarte. Ya seas propietario o busques tu pr\u00f3ximo hogar, hablemos. Escr\u00edbenos por WhatsApp&#8221; &#8220;Respuesta r\u00e1pida para consultas urgentes, disponibilidad de habitaciones o env\u00edo de documentaci\u00f3n.&#8221;.Esta situado en la parte inferior derecha Escr\u00edbenos por WhatsApp&#8221; &#8220;Respuesta r\u00e1pida para consultas urgentes, disponibilidad de habitaciones o env\u00edo de documentaci\u00f3n.&#8221;\" \/>\n<meta property=\"og:url\" content=\"https:\/\/goval.es\/en\/contact-us-2\/\" \/>\n<meta property=\"og:site_name\" content=\"Goval inmobiliaria\" \/>\n<meta property=\"article:modified_time\" content=\"2026-04-11T22:49:24+00:00\" \/>\n<meta property=\"og:image\" content=\"https:\/\/goval.es\/wp-content\/uploads\/2026\/04\/pngtree-whatsapp-icon-png-image_6315990.png\" \/>\n<meta name=\"twitter:card\" content=\"summary_large_image\" \/>\n<meta name=\"twitter:label1\" content=\"Est. reading time\" \/>\n\t<meta name=\"twitter:data1\" content=\"1 minute\" \/>\n<script type=\"application\/ld+json\" class=\"yoast-schema-graph\">{\"@context\":\"https:\\\/\\\/schema.org\",\"@graph\":[{\"@type\":\"WebPage\",\"@id\":\"https:\\\/\\\/goval.es\\\/en\\\/contact-us-2\\\/\",\"url\":\"https:\\\/\\\/goval.es\\\/en\\\/contact-us-2\\\/\",\"name\":\"Contacto - Goval inmobiliaria\",\"isPartOf\":{\"@id\":\"https:\\\/\\\/goval.es\\\/en\\\/#website\"},\"primaryImageOfPage\":{\"@id\":\"https:\\\/\\\/goval.es\\\/en\\\/contact-us-2\\\/#primaryimage\"},\"image\":{\"@id\":\"https:\\\/\\\/goval.es\\\/en\\\/contact-us-2\\\/#primaryimage\"},\"thumbnailUrl\":\"https:\\\/\\\/goval.es\\\/wp-content\\\/uploads\\\/2026\\\/04\\\/pngtree-whatsapp-icon-png-image_6315990.png\",\"datePublished\":\"2023-03-14T10:53:00+00:00\",\"dateModified\":\"2026-04-11T22:49:24+00:00\",\"breadcrumb\":{\"@id\":\"https:\\\/\\\/goval.es\\\/en\\\/contact-us-2\\\/#breadcrumb\"},\"inLanguage\":\"en-US\",\"potentialAction\":[{\"@type\":\"ReadAction\",\"target\":[\"https:\\\/\\\/goval.es\\\/en\\\/contact-us-2\\\/\"]}]},{\"@type\":\"ImageObject\",\"inLanguage\":\"en-US\",\"@id\":\"https:\\\/\\\/goval.es\\\/en\\\/contact-us-2\\\/#primaryimage\",\"url\":\"https:\\\/\\\/goval.es\\\/wp-content\\\/uploads\\\/2026\\\/04\\\/pngtree-whatsapp-icon-png-image_6315990.png\",\"contentUrl\":\"https:\\\/\\\/goval.es\\\/wp-content\\\/uploads\\\/2026\\\/04\\\/pngtree-whatsapp-icon-png-image_6315990.png\"},{\"@type\":\"BreadcrumbList\",\"@id\":\"https:\\\/\\\/goval.es\\\/en\\\/contact-us-2\\\/#breadcrumb\",\"itemListElement\":[{\"@type\":\"ListItem\",\"position\":1,\"name\":\"Portada\",\"item\":\"https:\\\/\\\/goval.es\\\/en\\\/\"},{\"@type\":\"ListItem\",\"position\":2,\"name\":\"Contacto\"}]},{\"@type\":\"WebSite\",\"@id\":\"https:\\\/\\\/goval.es\\\/en\\\/#website\",\"url\":\"https:\\\/\\\/goval.es\\\/en\\\/\",\"name\":\"Goval inmobiliaria\",\"description\":\"tu inmobiliaria de confianza en La \u00d1ora, Murcia\",\"publisher\":{\"@id\":\"https:\\\/\\\/goval.es\\\/en\\\/#organization\"},\"potentialAction\":[{\"@type\":\"SearchAction\",\"target\":{\"@type\":\"EntryPoint\",\"urlTemplate\":\"https:\\\/\\\/goval.es\\\/en\\\/?s={search_term_string}\"},\"query-input\":{\"@type\":\"PropertyValueSpecification\",\"valueRequired\":true,\"valueName\":\"search_term_string\"}}],\"inLanguage\":\"en-US\"},{\"@type\":\"Organization\",\"@id\":\"https:\\\/\\\/goval.es\\\/en\\\/#organization\",\"name\":\"Goval inmobiliaria\",\"url\":\"https:\\\/\\\/goval.es\\\/en\\\/\",\"logo\":{\"@type\":\"ImageObject\",\"inLanguage\":\"en-US\",\"@id\":\"https:\\\/\\\/goval.es\\\/en\\\/#\\\/schema\\\/logo\\\/image\\\/\",\"url\":\"https:\\\/\\\/i0.wp.com\\\/goval.es\\\/wp-content\\\/uploads\\\/2026\\\/04\\\/cropped-Screenshot_2026-04-01-15-04-32-708_com.whatsapp-edit.jpg?fit=829%2C829&ssl=1\",\"contentUrl\":\"https:\\\/\\\/i0.wp.com\\\/goval.es\\\/wp-content\\\/uploads\\\/2026\\\/04\\\/cropped-Screenshot_2026-04-01-15-04-32-708_com.whatsapp-edit.jpg?fit=829%2C829&ssl=1\",\"width\":829,\"height\":829,\"caption\":\"Goval inmobiliaria\"},\"image\":{\"@id\":\"https:\\\/\\\/goval.es\\\/en\\\/#\\\/schema\\\/logo\\\/image\\\/\"}}]}<\/script>\n<!-- \/ Yoast SEO Premium plugin. -->","yoast_head_json":{"title":"Contacto - Goval inmobiliaria","robots":{"index":"index","follow":"follow","max-snippet":"max-snippet:-1","max-image-preview":"max-image-preview:large","max-video-preview":"max-video-preview:-1"},"canonical":"https:\/\/goval.es\/en\/contact-us-2\/","og_locale":"en_US","og_type":"article","og_title":"Contacto","og_description":"Estamos aqu\u00ed para ayudarte. Ya seas propietario o busques tu pr\u00f3ximo hogar, hablemos. Escr\u00edbenos por WhatsApp&#8221; &#8220;Respuesta r\u00e1pida para consultas urgentes, disponibilidad de habitaciones o env\u00edo de documentaci\u00f3n.&#8221;.Esta situado en la parte inferior derecha Escr\u00edbenos por WhatsApp&#8221; &#8220;Respuesta r\u00e1pida para consultas urgentes, disponibilidad de habitaciones o env\u00edo de documentaci\u00f3n.&#8221;","og_url":"https:\/\/goval.es\/en\/contact-us-2\/","og_site_name":"Goval inmobiliaria","article_modified_time":"2026-04-11T22:49:24+00:00","og_image":[{"url":"https:\/\/goval.es\/wp-content\/uploads\/2026\/04\/pngtree-whatsapp-icon-png-image_6315990.png","type":"","width":"","height":""}],"twitter_card":"summary_large_image","twitter_misc":{"Est. reading time":"1 minute"},"schema":{"@context":"https:\/\/schema.org","@graph":[{"@type":"WebPage","@id":"https:\/\/goval.es\/en\/contact-us-2\/","url":"https:\/\/goval.es\/en\/contact-us-2\/","name":"Contacto - Goval inmobiliaria","isPartOf":{"@id":"https:\/\/goval.es\/en\/#website"},"primaryImageOfPage":{"@id":"https:\/\/goval.es\/en\/contact-us-2\/#primaryimage"},"image":{"@id":"https:\/\/goval.es\/en\/contact-us-2\/#primaryimage"},"thumbnailUrl":"https:\/\/goval.es\/wp-content\/uploads\/2026\/04\/pngtree-whatsapp-icon-png-image_6315990.png","datePublished":"2023-03-14T10:53:00+00:00","dateModified":"2026-04-11T22:49:24+00:00","breadcrumb":{"@id":"https:\/\/goval.es\/en\/contact-us-2\/#breadcrumb"},"inLanguage":"en-US","potentialAction":[{"@type":"ReadAction","target":["https:\/\/goval.es\/en\/contact-us-2\/"]}]},{"@type":"ImageObject","inLanguage":"en-US","@id":"https:\/\/goval.es\/en\/contact-us-2\/#primaryimage","url":"https:\/\/goval.es\/wp-content\/uploads\/2026\/04\/pngtree-whatsapp-icon-png-image_6315990.png","contentUrl":"https:\/\/goval.es\/wp-content\/uploads\/2026\/04\/pngtree-whatsapp-icon-png-image_6315990.png"},{"@type":"BreadcrumbList","@id":"https:\/\/goval.es\/en\/contact-us-2\/#breadcrumb","itemListElement":[{"@type":"ListItem","position":1,"name":"Portada","item":"https:\/\/goval.es\/en\/"},{"@type":"ListItem","position":2,"name":"Contacto"}]},{"@type":"WebSite","@id":"https:\/\/goval.es\/en\/#website","url":"https:\/\/goval.es\/en\/","name":"Goval inmobiliaria","description":"tu inmobiliaria de confianza en La \u00d1ora, Murcia","publisher":{"@id":"https:\/\/goval.es\/en\/#organization"},"potentialAction":[{"@type":"SearchAction","target":{"@type":"EntryPoint","urlTemplate":"https:\/\/goval.es\/en\/?s={search_term_string}"},"query-input":{"@type":"PropertyValueSpecification","valueRequired":true,"valueName":"search_term_string"}}],"inLanguage":"en-US"},{"@type":"Organization","@id":"https:\/\/goval.es\/en\/#organization","name":"Goval inmobiliaria","url":"https:\/\/goval.es\/en\/","logo":{"@type":"ImageObject","inLanguage":"en-US","@id":"https:\/\/goval.es\/en\/#\/schema\/logo\/image\/","url":"https:\/\/i0.wp.com\/goval.es\/wp-content\/uploads\/2026\/04\/cropped-Screenshot_2026-04-01-15-04-32-708_com.whatsapp-edit.jpg?fit=829%2C829&ssl=1","contentUrl":"https:\/\/i0.wp.com\/goval.es\/wp-content\/uploads\/2026\/04\/cropped-Screenshot_2026-04-01-15-04-32-708_com.whatsapp-edit.jpg?fit=829%2C829&ssl=1","width":829,"height":829,"caption":"Goval inmobiliaria"},"image":{"@id":"https:\/\/goval.es\/en\/#\/schema\/logo\/image\/"}}]}},"jetpack_sharing_enabled":true,"_links":{"self":[{"href":"https:\/\/goval.es\/en\/wp-json\/wp\/v2\/pages\/3605","targetHints":{"allow":["GET"]}}],"collection":[{"href":"https:\/\/goval.es\/en\/wp-json\/wp\/v2\/pages"}],"about":[{"href":"https:\/\/goval.es\/en\/wp-json\/wp\/v2\/types\/page"}],"author":[{"embeddable":true,"href":"https:\/\/goval.es\/en\/wp-json\/wp\/v2\/users\/1"}],"replies":[{"embeddable":true,"href":"https:\/\/goval.es\/en\/wp-json\/wp\/v2\/comments?post=3605"}],"version-history":[{"count":19,"href":"https:\/\/goval.es\/en\/wp-json\/wp\/v2\/pages\/3605\/revisions"}],"predecessor-version":[{"id":3876,"href":"https:\/\/goval.es\/en\/wp-json\/wp\/v2\/pages\/3605\/revisions\/3876"}],"wp:attachment":[{"href":"https:\/\/goval.es\/en\/wp-json\/wp\/v2\/media?parent=3605"}],"curies":[{"name":"wp","href":"https:\/\/api.w.org\/{rel}","templated":true}]}}